{"id":1836,"date":"2022-03-30T10:50:05","date_gmt":"2022-03-30T10:50:05","guid":{"rendered":"https:\/\/www.matterwaveoptics.eu\/?page_id=1836"},"modified":"2022-06-08T14:48:51","modified_gmt":"2022-06-08T14:48:51","slug":"about-fomo-2022","status":"publish","type":"page","link":"https:\/\/www.matterwaveoptics.eu\/FOMO2022\/fomo2022\/about-fomo-2022\/","title":{"rendered":"About FOMO2022"},"content":{"rendered":"\n<p class=\"wp-block-paragraph\">The FOMO-Lectures stand in a long tradition of summer schools held as preparation of the <a href=\"https:\/\/www.matterwaveoptics.eu\/FOMO2022\/\">FOMO conference<\/a>.<\/p>\n\n\n\n<p class=\"wp-block-paragraph\"><strong>FOMO<\/strong> was started in 2010,&nbsp;aimed at providing a focus for the atom-optics community with a combination of a 1-week Summer School and a 1-week Workshop. It has then become the largest bi-annual conference in the \ufb01eld of matter wave science. Already six FOMO meetings have taken place, always with the same proven structure of a Summer School and a high-level Workshop in the second week. <a href=\"https:\/\/www.matterwaveoptics.eu\/FOMO2022\/fomo2021\/\">FOMO2020<\/a> was postponed due to the COVID pandemic, and an online FOMO Lecture Series on Matter Wave Interferometry&nbsp;took place in 2021, with a huge participation of young students and post-docs, but &#8212; again due to COVD constraints &#8212; in a purely virtual way<\/p>\n\n\n\n<h2 class=\"wp-block-heading\">Organisers of FOMO2022<\/h2>\n\n\n\n<p class=\"wp-block-paragraph\"><strong>Markus Arndt <\/strong>(<a href=\"https:\/\/prieview.univie.ac.at\/research-groups\/markus-arndt\/\">University of Vienna<\/a>)<br><strong>Angelo Bassi<\/strong> (<a href=\"http:\/\/www.qmts.it\/\" target=\"_blank\" rel=\"noreferrer noopener\">University  of Trieste<\/a>)<br><strong>Andrea Trombettoni<\/strong> (<a rel=\"noreferrer noopener\" href=\"https:\/\/www.sissa.it\/about-us\" target=\"_blank\">SISSA &#8211; Scuola Internazionale Superiore di Studi Avanzati<\/a>)<\/p>\n\n\n\n<p class=\"wp-block-paragraph\">For enquiries please contact <a href=\"mailto:fomo2021-registration@matterwaveoptics.eu\">Andrea Trombettoni<\/a><a href=\"mailto:andreatr@sissa.it\">.<\/a><\/p>\n\n\n\n<h2 class=\"wp-block-heading\">Steering Committee of FOMO<\/h2>\n\n\n\n<p class=\"wp-block-paragraph\"><strong>Wolf von Klitzing (<strong>Chair<\/strong>)<\/strong>&nbsp;<a rel=\"noreferrer noopener\" href=\"http:\/\/www.bec.gr\/people\/klitzing\/klitzing.html\" target=\"_blank\">(link)<\/a> <br><a rel=\"noreferrer noopener\" href=\"http:\/\/www.bec.gr\/\" target=\"_blank\">BEC and MatterWaves Group<br><\/a><a rel=\"noreferrer noopener\" href=\"http:\/\/www.iesl.forth.gr\/research\/activity.aspx?id=13\" target=\"_blank\">IESL-FORTH<\/a><br>Crete, Greece<\/p>\n\n\n\n<p class=\"wp-block-paragraph\"><strong>Markus Arndt<\/strong>&nbsp;<a rel=\"noreferrer noopener\" href=\"http:\/\/homepage.univie.ac.at\/markus.arndt\/\" target=\"_blank\">(link)<\/a><br><a rel=\"noreferrer noopener\" href=\"http:\/\/www.quantumnano.at\/\" target=\"_blank\">Quantum Nanophysics Group<\/a><br>University of Vienna, Austria<\/p>\n\n\n\n<p class=\"wp-block-paragraph\"><strong>Philippe Bouyer<\/strong>&nbsp;<a rel=\"noreferrer noopener\" href=\"http:\/\/www.philippebouyer.fr\/philippebouyer\/index.html\" target=\"_blank\">(link)<\/a><br><a rel=\"noreferrer noopener\" href=\"http:\/\/www.lp2n.institutoptique.fr\/Membres-Services\/Responsables-d-equipe\/BOUYER-Philippe\" target=\"_blank\">Laboratoire Photonique, Num\u00e9rique et Nanosciences (LP2N)<br><\/a>Universit\u00e9 Bordeaux, France<\/p>\n\n\n\n<p class=\"wp-block-paragraph\"><strong>Wolfgang Ertmer<\/strong>&nbsp;<a rel=\"noreferrer noopener\" href=\"http:\/\/www.iqo.uni-hannover.de\/77.html\" target=\"_blank\">(link)<\/a>&nbsp;<br><a rel=\"noreferrer noopener\" href=\"http:\/\/www.iqo.uni-hannover.de\/77.html\" target=\"_blank\">Institute of Quantum Optics<\/a>&nbsp;&amp;&nbsp;<a rel=\"noreferrer noopener\" href=\"http:\/\/www.questhannover.de\/en\/contact\/prof-dr-wolfgang-ertmer\/\" target=\"_blank\">QUEST<\/a><br>Leibniz Universit\u00e4t Hannover, Germany &nbsp;<\/p>\n\n\n\n<p class=\"wp-block-paragraph\"><strong>Ernst Rasel<\/strong>&nbsp;<a rel=\"noreferrer noopener\" href=\"http:\/\/www.iqo.uni-hannover.de\/77.html\" target=\"_blank\">(link)<\/a><br><a rel=\"noreferrer noopener\" href=\"http:\/\/www.iqo.uni-hannover.de\/77.html\" target=\"_blank\">Institute of Quantum Optics<\/a>&nbsp;&amp;&nbsp;<a rel=\"noreferrer noopener\" href=\"http:\/\/www.questhannover.de\/index.php?id=66\" target=\"_blank\">QUEST<\/a><br>Leibniz Universit\u00e4t Hannover, Germany &nbsp;<\/p>\n\n\n\n<p class=\"wp-block-paragraph\"><strong>Wolfgang Schleich<\/strong>&nbsp;<a rel=\"noreferrer noopener\" href=\"http:\/\/www.uni-ulm.de\/?id=37752\" target=\"_blank\">(link)<\/a>&nbsp;<br><a rel=\"noreferrer noopener\" href=\"http:\/\/www.uni-ulm.de\/nawi\/institut-fuer-quantenphysik\/forschung.html\" target=\"_blank\">Institut f\u00fcr Quantenphysik<br><\/a>Universit\u00e4t Ulm, Germany<\/p>\n\n\n\n<p class=\"wp-block-paragraph\"><strong>Andrea Trombettoni<\/strong>&nbsp;<a rel=\"noreferrer noopener\" href=\"http:\/\/www.matterwave.eu\/groups\/cnr\/andrea-trombettoni\/\" target=\"_blank\">(link)<\/a><br><a rel=\"noreferrer noopener\" href=\"http:\/\/www.sissa.it\/\" target=\"_blank\">The International School for Advanced Studies (SISSA)<\/a><br>Trieste, Italy<\/p>\n","protected":false},"excerpt":{"rendered":"<p>The FOMO-Lectures stand in a long tradition of summer schools held as preparation of the FOMO conference. FOMO was started in 2010,&nbsp;aimed at providing a focus for the atom-optics community with a combination of a 1-week Summer School and a 1-week Workshop. It has then become the largest bi-annual conference in the \ufb01eld of matter wave science. Already six FOMO meetings have taken place, always with the same proven structure of a Summer School and a high-level Workshop in the second week. FOMO2020 was postponed due to the COVID pandemic, and an online FOMO Lecture Series on Matter Wave Interferometry&nbsp;took place in 2021, with a huge participation of young students and post-docs, but &#8212; again due to COVD constraints &#8212; in a purely virtual way Organisers of FOMO2022 Markus Arndt (University of Vienna)Angelo Bassi (University of Trieste)Andrea Trombettoni (SISSA &#8211; Scuola Internazionale Superiore di Studi Avanzati) For enquiries please contact Andrea Trombettoni. Steering Committee of FOMO Wolf von Klitzing (Chair)&nbsp;(link) BEC and MatterWaves GroupIESL-FORTHCrete, Greece Markus Arndt&nbsp;(link)Quantum Nanophysics GroupUniversity of Vienna, Austria Philippe Bouyer&nbsp;(link)Laboratoire Photonique, Num\u00e9rique et Nanosciences (LP2N)Universit\u00e9 Bordeaux, France Wolfgang Ertmer&nbsp;(link)&nbsp;Institute of Quantum Optics&nbsp;&amp;&nbsp;QUESTLeibniz Universit\u00e4t Hannover, Germany &nbsp; Ernst Rasel&nbsp;(link)Institute of Quantum Optics&nbsp;&amp;&nbsp;QUESTLeibniz Universit\u00e4t Hannover, Germany &nbsp; Wolfgang Schleich&nbsp;(link)&nbsp;Institut f\u00fcr QuantenphysikUniversit\u00e4t Ulm, Germany Andrea Trombettoni&nbsp;(link)The International School for Advanced Studies (SISSA)Trieste, Italy<\/p>\n","protected":false},"author":7,"featured_media":0,"parent":1596,"menu_order":1,"comment_status":"closed","ping_status":"closed","template":"","meta":{"_crdt_document":"","_uag_custom_page_level_css":"","_monsterinsights_skip_tracking":false,"_monsterinsights_sitenote_active":false,"_monsterinsights_sitenote_note":"","_monsterinsights_sitenote_category":0,"footnotes":""},"class_list":["post-1836","page","type-page","status-publish","hentry"],"uagb_featured_image_src":{"full":false,"thumbnail":false,"medium":false,"medium_large":false,"large":false,"1536x1536":false,"2048x2048":false,"ashe-slider-full-thumbnail":false,"ashe-full-thumbnail":false,"ashe-list-thumbnail":false,"ashe-grid-thumbnail":false,"ashe-single-navigation":false},"uagb_author_info":{"display_name":"Atena Zalbeik-Dormayer","author_link":"https:\/\/www.matterwaveoptics.eu\/FOMO2022\/author\/zalbeik-dormayer\/"},"uagb_comment_info":0,"uagb_excerpt":"The FOMO-Lectures stand in a long tradition of summer schools held as preparation of the FOMO conference. FOMO was started in 2010,&nbsp;aimed at providing a focus for the atom-optics community with a combination of a 1-week Summer School and a 1-week Workshop. It has then become the largest bi-annual conference in the \ufb01eld of matter&hellip;","jetpack_sharing_enabled":true,"publishpress_future_action":{"enabled":false,"date":"2026-07-29 17:07:18","action":"change-status","newStatus":"draft","terms":[],"taxonomy":"","extraData":[]},"publishpress_future_workflow_manual_trigger":{"enabledWorkflows":[]},"_links":{"self":[{"href":"https:\/\/www.matterwaveoptics.eu\/FOMO2022\/wp-json\/wp\/v2\/pages\/1836","targetHints":{"allow":["GET"]}}],"collection":[{"href":"https:\/\/www.matterwaveoptics.eu\/FOMO2022\/wp-json\/wp\/v2\/pages"}],"about":[{"href":"https:\/\/www.matterwaveoptics.eu\/FOMO2022\/wp-json\/wp\/v2\/types\/page"}],"author":[{"embeddable":true,"href":"https:\/\/www.matterwaveoptics.eu\/FOMO2022\/wp-json\/wp\/v2\/users\/7"}],"replies":[{"embeddable":true,"href":"https:\/\/www.matterwaveoptics.eu\/FOMO2022\/wp-json\/wp\/v2\/comments?post=1836"}],"version-history":[{"count":9,"href":"https:\/\/www.matterwaveoptics.eu\/FOMO2022\/wp-json\/wp\/v2\/pages\/1836\/revisions"}],"predecessor-version":[{"id":2298,"href":"https:\/\/www.matterwaveoptics.eu\/FOMO2022\/wp-json\/wp\/v2\/pages\/1836\/revisions\/2298"}],"up":[{"embeddable":true,"href":"https:\/\/www.matterwaveoptics.eu\/FOMO2022\/wp-json\/wp\/v2\/pages\/1596"}],"wp:attachment":[{"href":"https:\/\/www.matterwaveoptics.eu\/FOMO2022\/wp-json\/wp\/v2\/media?parent=1836"}],"curies":[{"name":"wp","href":"https:\/\/api.w.org\/{rel}","templated":true}]}}